{"id":97,"date":"2020-12-03T14:31:27","date_gmt":"2020-12-03T14:31:27","guid":{"rendered":"\/?page_id=97"},"modified":"2026-02-03T11:00:36","modified_gmt":"2026-02-03T11:00:36","slug":"ueber-mich","status":"publish","type":"page","link":"https:\/\/wp.julia-wickelt.de\/familienbegleitung\/ueber-mich\/","title":{"rendered":"\u00dcber mich"},"content":{"rendered":"\n<h3 class=\"wp-block-heading\">Hallo.<\/h3>\n\n\n\n<h3 class=\"wp-block-heading\">Sch\u00f6n, dass du hergefunden hast und dich f\u00fcr mein Angebot interessierst.&nbsp;<\/h3>\n\n\n\n<p>Mein Name ist Julia, ich bin 43 Jahre alt und zweifache Mutter. Ich bin Diplom-P\u00e4dagogin, selbstst\u00e4ndige Familienbegleiterin und <a href=\"https:\/\/trageberatung-bielefeld.de\" target=\"_blank\" rel=\"noreferrer noopener\">Trageberaterin<\/a> und betreibe mit gemeinsam mit meinen Kolleginnen den <a href=\"https:\/\/www.frauenmantel.net\/kurse.html\">Frauenmantel in Bielefeld<\/a>. In unseren wundersch\u00f6nen R\u00e4umlichkeiten im Bielefeldr Osten biete ich verschiedene Eltern-Kind-Kurse, Yoga f\u00fcr Kinder und Yoga f\u00fcr M\u00fctter (mit und ohne Kind) an. Dar\u00fcber hinaus stehe ich dir in Einzelberatungen zu verschiednen Themen (Schlaf, Stillen und Abstillen, bindungsorientierte Eingew\u00f6hnung, etc.) mit meiner Expertise zur Seite.<\/p>\n\n\n\n<p>Ein weiterer Schwerpunkt meiner T\u00e4tigkeit ist die Durchf\u00fchrung von babySignal- und Kinderyoga-Seminaren f\u00fcr p\u00e4dagogische Fachkr\u00e4fte in Krippe und Kita und f\u00fcr Tagespflegepersonen.<\/p>\n\n\n\n<hr class=\"wp-block-separator has-css-opacity\"\/>\n\n\n\n<h4 class=\"wp-block-heading\">Dar\u00fcberhinaus habe ich folgende Ausbildungen \/ Weiterbildungen absolviert:<\/h4>\n\n\n\n<ul class=\"wp-block-list\">\n<li>Qualifizierte Eltern-Kind-Kursleitung<\/li>\n\n\n\n<li>Fachkraft f\u00fcr babyfreundliche Beikost mit und ohne Brei<\/li>\n\n\n\n<li>Stressfrei Essen mit Kleinkindern<\/li>\n\n\n\n<li>Fachkraft f\u00fcr Formula ern\u00e4hrte S\u00e4uglinge<\/li>\n\n\n\n<li>Abschied von der Windel<\/li>\n\n\n\n<li>Achtsames Wickeln und Windelfrei<\/li>\n\n\n\n<li>Gesunder Babyschlaf<\/li>\n\n\n\n<li>Fr\u00fchkindliche Reflexe<\/li>\n\n\n\n<li>Schreibaby<\/li>\n\n\n\n<li>Kinderyoga<\/li>\n\n\n\n<li>Begleitung von Eltern mit Kindsverlust<\/li>\n<\/ul>\n\n\n\n<hr class=\"wp-block-separator has-css-opacity\"\/>\n\n\n\n<p>Die Begleitung und St\u00e4rkung von werdenden und frischgebackenen Eltern und Familien ist f\u00fcr mich nicht nur meine t\u00e4gliche Arbeit, sondern eine Herzensangelegenheit. Im Frauenmantel ist es mir und uns ein gro\u00dfes Anliegen, einen Raum zu schaffen, in dem M\u00fctter und junge Eltern ankommen und durchatmen k\u00f6nnen, so wie sie sind &#8211; ohne Wertung und Beurteilung. <\/p>\n","protected":false},"excerpt":{"rendered":"<p>Hallo. Sch\u00f6n, dass du hergefunden hast und dich f\u00fcr mein Angebot interessierst.&nbsp; Mein Name ist Julia, ich bin 43 Jahre alt und zweifache Mutter. Ich bin Diplom-P\u00e4dagogin, selbstst\u00e4ndige Familienbegleiterin und Trageberaterin und betreibe mit gemeinsam mit meinen Kolleginnen den Frauenmantel in Bielefeld. In unseren wundersch\u00f6nen R\u00e4umlichkeiten im Bielefeldr Osten biete ich verschiedene Eltern-Kind-Kurse, Yoga f\u00fcr [&hellip;]<\/p>\n","protected":false},"author":3,"featured_media":399,"parent":0,"menu_order":0,"comment_status":"closed","ping_status":"closed","template":"","meta":{"_acf_changed":false,"footnotes":""},"class_list":["post-97","page","type-page","status-publish","has-post-thumbnail","hentry"],"acf":{"banner":""},"_links":{"self":[{"href":"https:\/\/wp.julia-wickelt.de\/familienbegleitung\/wp-json\/wp\/v2\/pages\/97","targetHints":{"allow":["GET"]}}],"collection":[{"href":"https:\/\/wp.julia-wickelt.de\/familienbegleitung\/wp-json\/wp\/v2\/pages"}],"about":[{"href":"https:\/\/wp.julia-wickelt.de\/familienbegleitung\/wp-json\/wp\/v2\/types\/page"}],"author":[{"embeddable":true,"href":"https:\/\/wp.julia-wickelt.de\/familienbegleitung\/wp-json\/wp\/v2\/users\/3"}],"replies":[{"embeddable":true,"href":"https:\/\/wp.julia-wickelt.de\/familienbegleitung\/wp-json\/wp\/v2\/comments?post=97"}],"version-history":[{"count":21,"href":"https:\/\/wp.julia-wickelt.de\/familienbegleitung\/wp-json\/wp\/v2\/pages\/97\/revisions"}],"predecessor-version":[{"id":710,"href":"https:\/\/wp.julia-wickelt.de\/familienbegleitung\/wp-json\/wp\/v2\/pages\/97\/revisions\/710"}],"wp:featuredmedia":[{"embeddable":true,"href":"https:\/\/wp.julia-wickelt.de\/familienbegleitung\/wp-json\/wp\/v2\/media\/399"}],"wp:attachment":[{"href":"https:\/\/wp.julia-wickelt.de\/familienbegleitung\/wp-json\/wp\/v2\/media?parent=97"}],"curies":[{"name":"wp","href":"https:\/\/api.w.org\/{rel}","templated":true}]}}