{"id":78,"date":"2020-12-03T14:02:17","date_gmt":"2020-12-03T14:02:17","guid":{"rendered":"\/?page_id=78"},"modified":"2023-02-12T15:46:37","modified_gmt":"2023-02-12T15:46:37","slug":"trageberatung","status":"publish","type":"page","link":"https:\/\/wp.julia-wickelt.de\/familienbegleitung\/trageberatung\/","title":{"rendered":"Trageberatung"},"content":{"rendered":"\n<h3 class=\"wp-block-heading\">Der Mensch ist ein Tragling. <\/h3>\n\n\n\n<ul class=\"wp-block-list\">\n<li>Du bist schwanger und m\u00f6chtest dich \u00fcber die verschiedenen M\u00f6glichkeiten dein Baby zu tragen informieren,&nbsp;<\/li>\n\n\n\n<li>Du m\u00f6chtest dein Baby im Alltag ganz nah bei dir tragen und trotzdem die H\u00e4nde frei haben,<\/li>\n\n\n\n<li>Du hast ein \u201eHigh-Need-Baby\u201c wei\u00dft nicht, wie du den Haushalt mit Baby auf dem Arm bew\u00e4ltigen sollst,&nbsp;<\/li>\n\n\n\n<li>Du m\u00f6chtest lernen, wie man ein Tragetuch bindet,<\/li>\n\n\n\n<li>Du besitzt schon eine Tragehilfe oder ein Tragetuch, aber hast noch Schwierigkeiten bei der Benutzung, &nbsp;<\/li>\n\n\n\n<li>Du wei\u00dft nicht, welche Tragehilfe gut zu dir und deinem Baby passt und du m\u00f6chtest gern verschiedene Tragehilfen ausprobieren?&nbsp;<\/li>\n<\/ul>\n\n\n\n<hr class=\"wp-block-separator has-css-opacity\" \/>\n\n\n\n<p>Dann ist eine individuelle Trageberatung genau das richtige f\u00fcr dich. <a href=\"https:\/\/www.trageberatung-bielefeld.de\/trageberatung\/\" target=\"_blank\" rel=\"noreferrer noopener\">Alle Details zu meinem Beratungsangebot rund um das Tragen findest du hier. <\/a><\/p>\n\n\n\n<hr class=\"wp-block-separator has-css-opacity\" \/>\n\n\n\n<p>Viele Krankenkasse erstatten inzwischen die Kosten f\u00fcr eine Trageberatung. Bitte informiere dich dazu bei deiner zust\u00e4ndigen Kasse. Du erh\u00e4ltst eine Buchungsbest\u00e4tigung \/ Rechnung von mir, die du dort einreichen kannst.<\/p>\n","protected":false},"excerpt":{"rendered":"<p>Der Mensch ist ein Tragling. Dann ist eine individuelle Trageberatung genau das richtige f\u00fcr dich. Alle Details zu meinem Beratungsangebot rund um das Tragen findest du hier. Viele Krankenkasse erstatten inzwischen die Kosten f\u00fcr eine Trageberatung. Bitte informiere dich dazu bei deiner zust\u00e4ndigen Kasse. Du erh\u00e4ltst eine Buchungsbest\u00e4tigung \/ Rechnung von mir, die du dort [&hellip;]<\/p>\n","protected":false},"author":3,"featured_media":53,"parent":0,"menu_order":0,"comment_status":"closed","ping_status":"closed","template":"","meta":{"_acf_changed":false,"footnotes":""},"class_list":["post-78","page","type-page","status-publish","has-post-thumbnail","hentry"],"acf":{"banner":""},"_links":{"self":[{"href":"https:\/\/wp.julia-wickelt.de\/familienbegleitung\/wp-json\/wp\/v2\/pages\/78","targetHints":{"allow":["GET"]}}],"collection":[{"href":"https:\/\/wp.julia-wickelt.de\/familienbegleitung\/wp-json\/wp\/v2\/pages"}],"about":[{"href":"https:\/\/wp.julia-wickelt.de\/familienbegleitung\/wp-json\/wp\/v2\/types\/page"}],"author":[{"embeddable":true,"href":"https:\/\/wp.julia-wickelt.de\/familienbegleitung\/wp-json\/wp\/v2\/users\/3"}],"replies":[{"embeddable":true,"href":"https:\/\/wp.julia-wickelt.de\/familienbegleitung\/wp-json\/wp\/v2\/comments?post=78"}],"version-history":[{"count":9,"href":"https:\/\/wp.julia-wickelt.de\/familienbegleitung\/wp-json\/wp\/v2\/pages\/78\/revisions"}],"predecessor-version":[{"id":460,"href":"https:\/\/wp.julia-wickelt.de\/familienbegleitung\/wp-json\/wp\/v2\/pages\/78\/revisions\/460"}],"wp:featuredmedia":[{"embeddable":true,"href":"https:\/\/wp.julia-wickelt.de\/familienbegleitung\/wp-json\/wp\/v2\/media\/53"}],"wp:attachment":[{"href":"https:\/\/wp.julia-wickelt.de\/familienbegleitung\/wp-json\/wp\/v2\/media?parent=78"}],"curies":[{"name":"wp","href":"https:\/\/api.w.org\/{rel}","templated":true}]}}