{"id":66,"date":"2020-12-03T14:00:55","date_gmt":"2020-12-03T14:00:55","guid":{"rendered":"\/?page_id=66"},"modified":"2026-05-12T15:20:49","modified_gmt":"2026-05-12T15:20:49","slug":"babysignal","status":"publish","type":"page","link":"https:\/\/wp.julia-wickelt.de\/familienbegleitung\/babysignal\/","title":{"rendered":"babySignal \u2013 Eltern-Kind-Kurse"},"content":{"rendered":"\n<h3 class=\"wp-block-heading\">babySignal &#8211; Mit den H\u00e4nden sprechen<\/h3>\n\n\n\n<p>\u201eWenn mein Kind mir nur <strong>sagen <\/strong>k\u00f6nnte, was es m\u00f6chte\u2026\u201c<br>Geb\u00e4rden f\u00fcr Babys erm\u00f6glichen genau dies: Sie bilden eine Br\u00fccke f\u00fcr die Kommunikation zwischen Eltern und Kind, schon bevor es die ersten Worte sprechen kann.&nbsp;<\/p>\n\n\n\n<p>Die Motorik von Kleinkindern ist bereits soweit ausgebildet, dass sie einfache Handzeichen erlernen k\u00f6nnen. Und dann lassen sich Bed\u00fcrfnisse wie \u201eessen\u201c, \u201etrinken\u201c oder Beobachtungen wie \u201eLicht an\u201c oder \u201eHund\u201c ganz einfach mit den H\u00e4nden ausdr\u00fccken. F\u00fcr dich als Mama oder Papa ist es ein faszinierendes Erlebnis zu sehen, wie sich dein Kind mit den H\u00e4nden mitteilen kann und wie gl\u00fccklich es die Kleinen macht, sich verstanden zu f\u00fchlen.&nbsp;<\/p>\n\n\n\n<p>In meinen <em>babySignal<\/em>-Kursen lernen du und dein Kind (ca. 6 &#8211; 24 Monate) auf spielerische Art Babyzeichen f\u00fcr den Alltag. Das babySignal-Konzept wurde von der P\u00e4dagogin und Sprachf\u00f6rderin Wiebke Gericke (Hamburg) entwickelt. Wir zeigen Geb\u00e4rden aus der Deutschen Geb\u00e4rdensprache.<\/p>\n\n\n\n<hr class=\"wp-block-separator has-css-opacity\"\/>\n\n\n\n<h3 class=\"wp-block-heading\">babySignal steht f\u00fcr den fr\u00fchen Dialog!<\/h3>\n\n\n\n<ul class=\"wp-block-list\">\n<li>Freude an gemeinsamer Kommunikation und Verst\u00e4ndigung<\/li>\n\n\n\n<li>Kinder k\u00f6nnen sich mit Gesten und Geb\u00e4rden konkret mitteilen&nbsp;<\/li>\n\n\n\n<li>Spannende Erlebnisse mit dem eigenen Kind auf dem Weg zum Sprechen<\/li>\n<\/ul>\n\n\n\n<hr class=\"wp-block-separator has-css-opacity\"\/>\n\n\n\n<figure class=\"wp-block-embed is-type-video is-provider-youtube wp-block-embed-youtube wp-embed-aspect-16-9 wp-has-aspect-ratio\"><div class=\"wp-block-embed__wrapper\">\n<iframe loading=\"lazy\" title=\"babySignal - Die Idee\" width=\"580\" height=\"326\" src=\"https:\/\/www.youtube.com\/embed\/rQVK9yqfqqc?feature=oembed\" frameborder=\"0\" allow=\"accelerometer; autoplay; clipboard-write; encrypted-media; gyroscope; picture-in-picture; web-share\" referrerpolicy=\"strict-origin-when-cross-origin\" allowfullscreen><\/iframe>\n<\/div><\/figure>\n\n\n\n<hr class=\"wp-block-separator has-css-opacity\"\/>\n\n\n\n<p>Ich biete meine <strong>Anf\u00e4nger- und Aufbaukurse<\/strong> sowie <strong>Anf\u00e4ngerworkshops<\/strong> in den R\u00e4umen vom <a href=\"https:\/\/www.frauenmantel.net\" target=\"_blank\" rel=\"noreferrer noopener\">Frauenmantel e.V.<\/a> im Bielefelder Osten und zweimal im Jahr im <a href=\"https:\/\/www.versmold.de\/de\/unsere-stadt\/soziales-gesellschaft\/haus-der-familie\/Angebote-und-Kurse.php\" target=\"_blank\" rel=\"noreferrer noopener\">Haus der Familie in Versmold<\/a> an. Eine Kursstunde dauert 45 Minuten und ein Anf\u00e4ngerkurs setzt sich aus sechs Kursstunden zusammen.<\/p>\n\n\n\n<p>Du willst nicht auf einen Pr\u00e4senzkurs warten und dir f\u00e4llt es leichter, die Geb\u00e4rden live zu lernen. Au\u00dferdem ist dir eine individuelle Begleitung wichtig? Dann kannst auch auch <strong>babySignal-Einzelstunden<\/strong> bei mir buchen. Ich zeige dir, wie du mit deinem Baby \/ (Klein-)Kind geb\u00e4rden kannst und wie ihr die Geb\u00e4rden spielerisch in euren Alltag integrieren k\u00f6nnt. <\/p>\n\n\n\n<p>Du willst das Kurskonzept und mich als Kursleiterin in einer Schnupperstunde kennenlernen? Oder du bist dir bereits sicher, dass Babygeb\u00e4rden eine Bereicherung f\u00fcr euren Alltag sein k\u00f6nnen? <a href=\"https:\/\/kikudoo.com\/familienbegleitung-julia-rose\/courses\" target=\"_blank\" rel=\"noreferrer noopener\">Dann melde dich hier zu einem meiner Angebote an. <\/a><\/p>\n\n\n\n<p>Mehr Informationen zu babySignal findest du auch unter <a href=\"http:\/\/www.babysignal.de\">www.babysignal.de<\/a><\/p>\n","protected":false},"excerpt":{"rendered":"<p>babySignal &#8211; Mit den H\u00e4nden sprechen \u201eWenn mein Kind mir nur sagen k\u00f6nnte, was es m\u00f6chte\u2026\u201cGeb\u00e4rden f\u00fcr Babys erm\u00f6glichen genau dies: Sie bilden eine Br\u00fccke f\u00fcr die Kommunikation zwischen Eltern und Kind, schon bevor es die ersten Worte sprechen kann.&nbsp; Die Motorik von Kleinkindern ist bereits soweit ausgebildet, dass sie einfache Handzeichen erlernen k\u00f6nnen. Und [&hellip;]<\/p>\n","protected":false},"author":3,"featured_media":448,"parent":0,"menu_order":0,"comment_status":"closed","ping_status":"closed","template":"","meta":{"_acf_changed":false,"footnotes":""},"class_list":["post-66","page","type-page","status-publish","has-post-thumbnail","hentry"],"acf":{"banner":""},"_links":{"self":[{"href":"https:\/\/wp.julia-wickelt.de\/familienbegleitung\/wp-json\/wp\/v2\/pages\/66","targetHints":{"allow":["GET"]}}],"collection":[{"href":"https:\/\/wp.julia-wickelt.de\/familienbegleitung\/wp-json\/wp\/v2\/pages"}],"about":[{"href":"https:\/\/wp.julia-wickelt.de\/familienbegleitung\/wp-json\/wp\/v2\/types\/page"}],"author":[{"embeddable":true,"href":"https:\/\/wp.julia-wickelt.de\/familienbegleitung\/wp-json\/wp\/v2\/users\/3"}],"replies":[{"embeddable":true,"href":"https:\/\/wp.julia-wickelt.de\/familienbegleitung\/wp-json\/wp\/v2\/comments?post=66"}],"version-history":[{"count":28,"href":"https:\/\/wp.julia-wickelt.de\/familienbegleitung\/wp-json\/wp\/v2\/pages\/66\/revisions"}],"predecessor-version":[{"id":703,"href":"https:\/\/wp.julia-wickelt.de\/familienbegleitung\/wp-json\/wp\/v2\/pages\/66\/revisions\/703"}],"wp:featuredmedia":[{"embeddable":true,"href":"https:\/\/wp.julia-wickelt.de\/familienbegleitung\/wp-json\/wp\/v2\/media\/448"}],"wp:attachment":[{"href":"https:\/\/wp.julia-wickelt.de\/familienbegleitung\/wp-json\/wp\/v2\/media?parent=66"}],"curies":[{"name":"wp","href":"https:\/\/api.w.org\/{rel}","templated":true}]}}