{"id":610,"date":"2024-11-08T10:52:40","date_gmt":"2024-11-08T10:52:40","guid":{"rendered":"https:\/\/wp.julia-wickelt.de\/familienbegleitung\/?page_id=610"},"modified":"2026-05-12T15:15:52","modified_gmt":"2026-05-12T15:15:52","slug":"rueckbildung-mit-baby","status":"publish","type":"page","link":"https:\/\/wp.julia-wickelt.de\/familienbegleitung\/rueckbildung-mit-baby\/","title":{"rendered":"R\u00fcckbildung mit Baby"},"content":{"rendered":"\n<p>Dieses Angebot richtet sich in erster Linie an Frauen, die auch das Schwangerenyoga bei uns im <a href=\"https:\/\/www.frauenmantel.net\/kurse.html\">Frauenmantel<\/a> besucht haben. M\u00f6chtest du am R\u00fcckbildungskurs teilnehmen und warst bisher noch nicht im Schwangerenyoga, bitte ich dich um vorherige Kontaktaufnahme per Mail oder Telefon. Ich m\u00f6chte dann kurz besprechen, wie dieses Kursangebot aufgebaut ist.&nbsp;<\/p>\n\n\n\n<p>Solltest du noch schwanger sein, empfehlen ich dir einmal ins Schwangerenyoga im Frauenmantel reinzuschnuppern und hier einen Termin mitzumachen. <a href=\"https:\/\/kikudoo.com\/frauenmantel\/courses\">Hier gelangst du zum Angebot. <\/a><\/p>\n\n\n\n<h4 class=\"wp-block-heading\"><strong>Kursaufbau:&nbsp;<\/strong><\/h4>\n\n\n\n<p>In der R\u00fcckbildung arbeite ich ganzheitlich. Aus yogischer Sicht ist es wichtig, K\u00f6rper, Geist und Seele mitzunehmen. Bei der Geburt kommt nicht nur dein Kind zur Welt, sondern auch du als Mutter wirst &#8222;neugeboren&#8220;. <\/p>\n\n\n\n<p>Im R\u00fcckbildungskurs blicken wir auf all diese Facetten und werden mit Hilfe von R\u00fcckbildungs\u00fcbungen (Yoga) und angeleiteten Themen, nach und nach die neue Rolle als Mutter\/Partnerin und Frau betrachten, verstehen und annehmen lernen. Wir blicken auf individuelle Wege in diesem &#8222;neuen Leben&#8220; zurechtzukommen. <\/p>\n\n\n\n<p>Dieser Kurs umfasst 8 Termine a 90-100 Minuten. Dein Kind ist w\u00e4hrend des Kurses die ganze Zeit bei dir.&nbsp;<\/p>\n\n\n\n<p>Die Kosten betragen 120 \u20ac. <\/p>\n\n\n\n<h4 class=\"wp-block-heading\">N\u00e4chste Termine: <\/h4>\n\n\n\n<p>Mittwoch, 03.06.2026, um 10.00 Uhr (Noch drei Pl\u00e4tze frei.)<\/p>\n\n\n\n<p>Mittwoch, 26.08.2026 um 10.00 Uhr<\/p>\n\n\n\n<p><a href=\"https:\/\/kikudoo.com\/familienbegleitung-julia-rose\/courses\/eJl9RQ\">Weitere Details zur Anmeldung findest du hier.<\/a> <\/p>\n\n\n\n<p>Eine grunds\u00e4tzliche Erstattung der Krankenkasse ist nicht gegeben. Einzelne Krankenkassen erstatten Anteile des Kurses auf Kulanz. Zur Kl\u00e4rung wendest du dich an deine Krankenkasse. <\/p>\n\n\n\n<p><\/p>\n","protected":false},"excerpt":{"rendered":"<p>Dieses Angebot richtet sich in erster Linie an Frauen, die auch das Schwangerenyoga bei uns im Frauenmantel besucht haben. M\u00f6chtest du am R\u00fcckbildungskurs teilnehmen und warst bisher noch nicht im Schwangerenyoga, bitte ich dich um vorherige Kontaktaufnahme per Mail oder Telefon. Ich m\u00f6chte dann kurz besprechen, wie dieses Kursangebot aufgebaut ist.&nbsp; Solltest du noch schwanger [&hellip;]<\/p>\n","protected":false},"author":3,"featured_media":611,"parent":0,"menu_order":0,"comment_status":"closed","ping_status":"closed","template":"","meta":{"_acf_changed":false,"footnotes":""},"class_list":["post-610","page","type-page","status-publish","has-post-thumbnail","hentry"],"acf":{"banner":""},"_links":{"self":[{"href":"https:\/\/wp.julia-wickelt.de\/familienbegleitung\/wp-json\/wp\/v2\/pages\/610","targetHints":{"allow":["GET"]}}],"collection":[{"href":"https:\/\/wp.julia-wickelt.de\/familienbegleitung\/wp-json\/wp\/v2\/pages"}],"about":[{"href":"https:\/\/wp.julia-wickelt.de\/familienbegleitung\/wp-json\/wp\/v2\/types\/page"}],"author":[{"embeddable":true,"href":"https:\/\/wp.julia-wickelt.de\/familienbegleitung\/wp-json\/wp\/v2\/users\/3"}],"replies":[{"embeddable":true,"href":"https:\/\/wp.julia-wickelt.de\/familienbegleitung\/wp-json\/wp\/v2\/comments?post=610"}],"version-history":[{"count":14,"href":"https:\/\/wp.julia-wickelt.de\/familienbegleitung\/wp-json\/wp\/v2\/pages\/610\/revisions"}],"predecessor-version":[{"id":729,"href":"https:\/\/wp.julia-wickelt.de\/familienbegleitung\/wp-json\/wp\/v2\/pages\/610\/revisions\/729"}],"wp:featuredmedia":[{"embeddable":true,"href":"https:\/\/wp.julia-wickelt.de\/familienbegleitung\/wp-json\/wp\/v2\/media\/611"}],"wp:attachment":[{"href":"https:\/\/wp.julia-wickelt.de\/familienbegleitung\/wp-json\/wp\/v2\/media?parent=610"}],"curies":[{"name":"wp","href":"https:\/\/api.w.org\/{rel}","templated":true}]}}