{"id":605,"date":"2024-11-08T10:28:04","date_gmt":"2024-11-08T10:28:04","guid":{"rendered":"https:\/\/wp.julia-wickelt.de\/familienbegleitung\/?page_id=605"},"modified":"2026-05-12T15:18:34","modified_gmt":"2026-05-12T15:18:34","slug":"yoga-fuer-muetter","status":"publish","type":"page","link":"https:\/\/wp.julia-wickelt.de\/familienbegleitung\/yoga-fuer-muetter\/","title":{"rendered":"Yoga f\u00fcr M\u00fctter"},"content":{"rendered":"\n<p>Dieses Angebot richtet sich an M\u00fctter. Die Kursstunden finden ohne Kinder in den fr\u00fchen Abendstunden statt. Dementsprechend bist du bei Bedarf zur Einschlafbegleitung wieder zu Hause.<\/p>\n\n\n\n<p>Dein Kind \/ deine Kinder sind zwischen ca. zwei und zehn Jahren alt und du hast wieder etwas mehr Luft f\u00fcr dich. Gleichzeitig suchst du eine M\u00f6glichkeit im Austausch mit anderen M\u00fcttern zu sein? Der Kursaufbau \u00e4hnelt unseren anderen Yoga-Angeboten bei uns im <a href=\"https:\/\/www.frauenmantel.net\/kurse.html\">Frauenmantel<\/a>. Solltest du hier noch keine Erfahrungen gemacht haben, melde dich gern bei mir. Ich stelle dir dann kurz die Inhalte vor.<\/p>\n\n\n\n<p>Wir praktizieren Yoga (Schwerpunkt Kundalini) mit anschlie\u00dfender Entspannung und Meditation. Au\u00dferdem gebe ich Impulse zu verschiedenen Themen, die uns als Mutter im Familienalltag besch\u00e4ftigen. Es gibt Raum f\u00fcr Austausch mit anderen M\u00fcttern und wir suchen gemeinsam nach M\u00f6glichkeiten den allt\u00e4glichen Herausforderungen zu begegnen.<\/p>\n\n\n\n<p>Du ben\u00f6tigst nur bequeme Kleidung, in der du dich gut bewegen kannst. Yogamatten, Decken, Kissen, etc. sind im Yoga-Raum im Frauenmantel vorhanden.&nbsp;<\/p>\n\n\n\n<p>Der Yoga-Kurs hat 8 Termine und eine Kursstunde umfasst 90 Minuten. Die Kosten f\u00fcr den fortlaufenden Kurs betragen 120\u20ac.\u00a0<\/p>\n\n\n\n<p>Du kannst die Kursstunden auch f\u00fcr 16\u20ac pro Termin einzeln buchen.<\/p>\n\n\n\n<h4 class=\"wp-block-heading\">N\u00e4chste Termine: <\/h4>\n\n\n\n<p>Mittwoch, 20.05.2026 um 17.30 Uhr<\/p>\n\n\n\n<p><a href=\"https:\/\/kikudoo.com\/familienbegleitung-julia-rose\/courses\/EzwBvQ\">Hier gelangst du zur Kursbuchung.<\/a> <\/p>\n","protected":false},"excerpt":{"rendered":"<p>Dieses Angebot richtet sich an M\u00fctter. Die Kursstunden finden ohne Kinder in den fr\u00fchen Abendstunden statt. Dementsprechend bist du bei Bedarf zur Einschlafbegleitung wieder zu Hause. Dein Kind \/ deine Kinder sind zwischen ca. zwei und zehn Jahren alt und du hast wieder etwas mehr Luft f\u00fcr dich. Gleichzeitig suchst du eine M\u00f6glichkeit im Austausch [&hellip;]<\/p>\n","protected":false},"author":3,"featured_media":606,"parent":0,"menu_order":0,"comment_status":"closed","ping_status":"closed","template":"","meta":{"_acf_changed":false,"footnotes":""},"class_list":["post-605","page","type-page","status-publish","has-post-thumbnail","hentry"],"acf":{"banner":""},"_links":{"self":[{"href":"https:\/\/wp.julia-wickelt.de\/familienbegleitung\/wp-json\/wp\/v2\/pages\/605","targetHints":{"allow":["GET"]}}],"collection":[{"href":"https:\/\/wp.julia-wickelt.de\/familienbegleitung\/wp-json\/wp\/v2\/pages"}],"about":[{"href":"https:\/\/wp.julia-wickelt.de\/familienbegleitung\/wp-json\/wp\/v2\/types\/page"}],"author":[{"embeddable":true,"href":"https:\/\/wp.julia-wickelt.de\/familienbegleitung\/wp-json\/wp\/v2\/users\/3"}],"replies":[{"embeddable":true,"href":"https:\/\/wp.julia-wickelt.de\/familienbegleitung\/wp-json\/wp\/v2\/comments?post=605"}],"version-history":[{"count":15,"href":"https:\/\/wp.julia-wickelt.de\/familienbegleitung\/wp-json\/wp\/v2\/pages\/605\/revisions"}],"predecessor-version":[{"id":731,"href":"https:\/\/wp.julia-wickelt.de\/familienbegleitung\/wp-json\/wp\/v2\/pages\/605\/revisions\/731"}],"wp:featuredmedia":[{"embeddable":true,"href":"https:\/\/wp.julia-wickelt.de\/familienbegleitung\/wp-json\/wp\/v2\/media\/606"}],"wp:attachment":[{"href":"https:\/\/wp.julia-wickelt.de\/familienbegleitung\/wp-json\/wp\/v2\/media?parent=605"}],"curies":[{"name":"wp","href":"https:\/\/api.w.org\/{rel}","templated":true}]}}