{"id":492,"date":"2023-02-21T12:30:43","date_gmt":"2023-02-21T12:30:43","guid":{"rendered":"https:\/\/wp.julia-wickelt.de\/familienbegleitung\/?page_id=492"},"modified":"2026-05-12T15:19:25","modified_gmt":"2026-05-12T15:19:25","slug":"zeit-fuer-mich-mit-meinem-kind","status":"publish","type":"page","link":"https:\/\/wp.julia-wickelt.de\/familienbegleitung\/zeit-fuer-mich-mit-meinem-kind\/","title":{"rendered":"Zeit f\u00fcr MICH, mit meinem Kind"},"content":{"rendered":"\n<p>In diesem Kursangebot gibt es Raum f\u00fcr dich und dein Kind. Wir machen Yoga und besprechen Themen, die dich in den ersten Monaten in deiner neuen Rolle als Mutter, Partnerin und Frau besch\u00e4ftigen.<\/p>\n\n\n\n<p>Du und dein Kind genie\u00dfen noch eure innige Verbindung? Das ist genau richtig so, soll dich aber nicht daran hindern, Gutes f\u00fcr deinen K\u00f6rper, deinen Geist und deine Seele zu tun.<\/p>\n\n\n\n<p>Dieser Kurs verbindet wir all diese Aspekte. In entspannter Atmosph\u00e4re machen wir gemeinsam Yoga und nutzen Meditationen und Mantren. Dar\u00fcber hinaus besprechen wir Themen, die dich im Leben mit Kind besch\u00e4ftigen, wie z.B.:<\/p>\n\n\n\n<ul class=\"wp-block-list\">\n<li>Baby- und Kleinkindschlaf: Was ist da eigentlich \u201enormal\u201c? Wie kann ich Schlafgewohnheiten bindungsorientiert ver\u00e4ndern?<\/li>\n<\/ul>\n\n\n\n<ul class=\"wp-block-list\">\n<li>Ern\u00e4hrung (Stillen, Pre-Milch, Beikosteinf\u00fchrung): Wann fange ich mit Beikost an? Wie lange reicht \u201enur\u201c Milch? Mein Kind mag keinen Brei, und jetzt? Bindungsorientiertes Abstillen \/ Flaschenentw\u00f6hnung <\/li>\n<\/ul>\n\n\n\n<ul class=\"wp-block-list\">\n<li>Geb\u00e4rden mit Babys und Kleinkindern: Wie geht das und warum macht das \u00fcberhaupt Sinn? &#8211; Meilensteine in der Sprachentwicklung in den ersten zwei Lebensjahren: Was passiert da bei meinem Kind?<\/li>\n<\/ul>\n\n\n\n<ul class=\"wp-block-list\">\n<li>Deine Rolle als Mutter, Partnerin und Frau: Wann bin ich eine &#8222;gute Mutter&#8220;? Muss ich immer verf\u00fcgbar sein? Wo sind meine Grenzen? Wie f\u00fclle ich meine Akkus wieder auf?<\/li>\n<\/ul>\n\n\n\n<ul class=\"wp-block-list\">\n<li>Gelassen durch die Autonomiephase<\/li>\n<\/ul>\n\n\n\n<p>Dieser Kurs findet in den R\u00e4umen des Frauenmantel in der Diesterwegstra\u00dfe 9 statt und umfasst acht Termine. Eine Einheit dauert ca. 90 Minuten bzw. 75 Minuten<\/p>\n\n\n\n<p>Mein Kurs ersetzt keinen R\u00fcckbildungskurs. Dein Kind ist die ganze Zeit bei dir im Raum. Ich bereite ein altersentsprechendes Spielangebot vor und dein Kind erkundet dieses, so viel es mag. <\/p>\n\n\n\n<h4 class=\"wp-block-heading\">N\u00e4chste <strong>Kursstarts:<\/strong><\/h4>\n\n\n\n<p><strong>Zeit f\u00fcr MICH, mit meinem Kind (ca. 4-18 Monate)<\/strong><\/p>\n\n\n\n<p>Dienstag, 02.06.2026 um 10.30 Uhr (Bereits ausgebucht.)<\/p>\n\n\n\n<p>Montag, 24.08.2026 um 09.15 Uhr<\/p>\n\n\n\n<p>Montag, 02.11.2026 um 11.00 Uhr<\/p>\n\n\n\n<p><a href=\"https:\/\/kikudoo.com\/familienbegleitung-julia-rose\/courses\/Eno8JQ\" data-type=\"link\" data-id=\"https:\/\/kikudoo.com\/familienbegleitung-julia-rose\/courses\/Eno8JQ\" target=\"_blank\" rel=\"noreferrer noopener\">Hier kannst du deinen Kurs buchen. <\/a><\/p>\n","protected":false},"excerpt":{"rendered":"<p>In diesem Kursangebot gibt es Raum f\u00fcr dich und dein Kind. Wir machen Yoga und besprechen Themen, die dich in den ersten Monaten in deiner neuen Rolle als Mutter, Partnerin und Frau besch\u00e4ftigen. Du und dein Kind genie\u00dfen noch eure innige Verbindung? Das ist genau richtig so, soll dich aber nicht daran hindern, Gutes f\u00fcr [&hellip;]<\/p>\n","protected":false},"author":4,"featured_media":494,"parent":0,"menu_order":0,"comment_status":"closed","ping_status":"closed","template":"","meta":{"_acf_changed":false,"footnotes":""},"class_list":["post-492","page","type-page","status-publish","has-post-thumbnail","hentry"],"acf":{"banner":""},"_links":{"self":[{"href":"https:\/\/wp.julia-wickelt.de\/familienbegleitung\/wp-json\/wp\/v2\/pages\/492","targetHints":{"allow":["GET"]}}],"collection":[{"href":"https:\/\/wp.julia-wickelt.de\/familienbegleitung\/wp-json\/wp\/v2\/pages"}],"about":[{"href":"https:\/\/wp.julia-wickelt.de\/familienbegleitung\/wp-json\/wp\/v2\/types\/page"}],"author":[{"embeddable":true,"href":"https:\/\/wp.julia-wickelt.de\/familienbegleitung\/wp-json\/wp\/v2\/users\/4"}],"replies":[{"embeddable":true,"href":"https:\/\/wp.julia-wickelt.de\/familienbegleitung\/wp-json\/wp\/v2\/comments?post=492"}],"version-history":[{"count":33,"href":"https:\/\/wp.julia-wickelt.de\/familienbegleitung\/wp-json\/wp\/v2\/pages\/492\/revisions"}],"predecessor-version":[{"id":732,"href":"https:\/\/wp.julia-wickelt.de\/familienbegleitung\/wp-json\/wp\/v2\/pages\/492\/revisions\/732"}],"wp:featuredmedia":[{"embeddable":true,"href":"https:\/\/wp.julia-wickelt.de\/familienbegleitung\/wp-json\/wp\/v2\/media\/494"}],"wp:attachment":[{"href":"https:\/\/wp.julia-wickelt.de\/familienbegleitung\/wp-json\/wp\/v2\/media?parent=492"}],"curies":[{"name":"wp","href":"https:\/\/api.w.org\/{rel}","templated":true}]}}