{"id":470,"date":"2023-02-12T19:38:33","date_gmt":"2023-02-12T19:38:33","guid":{"rendered":"https:\/\/wp.julia-wickelt.de\/familienbegleitung\/?page_id=470"},"modified":"2026-03-04T06:40:33","modified_gmt":"2026-03-04T06:40:33","slug":"seminar-babysignal","status":"publish","type":"page","link":"https:\/\/wp.julia-wickelt.de\/familienbegleitung\/seminar-babysignal\/","title":{"rendered":"Seminar babySignal"},"content":{"rendered":"\n<h2 class=\"wp-block-heading\">babySignal &#8211; Sprachbildung mit Geb\u00e4rden<\/h2>\n\n\n\n<p>Geb\u00e4rden unterst\u00fctzen das kindliche Bed\u00fcrfnis sich mitzuteilen und k\u00f6nnen helfen in die gesprochene Sprache hinein zu wachsen. <\/p>\n\n\n\n<p>Im Basis-Seminar f\u00fchre ich Sie in das Thema Geb\u00e4rden mit Babys und Kleinkindern ein und zeigen, wie Sie die Geb\u00e4rden direkt in Ihren p\u00e4dagogischen Alltag \u00fcbernehmen k\u00f6nnen. Neben den Grundgeb\u00e4rden f\u00fcr t\u00e4gliche Abl\u00e4ufe (Eingew\u00f6hnung, Morgenkreis, Singen, Buchbetrachtung) werden theoretische Grundlagen zur fr\u00fchen Sprachbildung erarbeitet. Alle Geb\u00e4rden entstammen der Deutschen Geb\u00e4rdensprache und k\u00f6nnen mit ein- und mehrsprachigen Kindern in Krippe und Kita f\u00fcr eine fr\u00fche gute Verst\u00e4ndigung genutzt werden.<\/p>\n\n\n\n<p>Zielgruppe dieses Angebotes sind p\u00e4dagogische Fachkr\u00e4fte aus dem Krippen- und Elementarbereich, sowie Tagespflegepersonen. <\/p>\n\n\n\n<p>Ich biete regelm\u00e4\u00dfig offene Basis-Seminare in Bielefeld an. Dar\u00fcberhinaus ist es m\u00f6glich das Basis-Seminar inhouse in Ihrer Kita oder f\u00fcr den Tr\u00e4ger Ihrer Einrichtung durchzuf\u00fchren. Bei Interesse, nehmen Sie gern unverbindlich Kontakt mit mir auf. <\/p>\n\n\n\n<h4 class=\"wp-block-heading\">N\u00e4chstes Basis-Seminar: <\/h4>\n\n\n\n<p><strong>Freitag, der 16.10.26<\/strong> von 09.00 Uhr &#8211; 16.00 Uhr<\/p>\n\n\n\n<p><strong>Kosten:<\/strong> 135,00\u20ac (zzgl. 19% Umsatzsteuer)<\/p>\n\n\n\n<p>Bei Anmeldung bis acht Wochen vor Seminartag erhalten Sie einen <strong>Fr\u00fchbucherrabatt<\/strong> in H\u00f6he von 15% auf die Seminargeb\u00fchr. Rabatte sind nicht kumulierbar.<\/p>\n\n\n\n<p>Dieses Seminar findet im Frauenmantel in der Diesterwegstra\u00dfe 9, 33604 Bielefeld statt. <\/p>\n\n\n\n<p>N\u00e4here Informationen und das Formular zur <strong>Anmeldung<\/strong> finden Sie <a href=\"https:\/\/www.babysignal.de\/39-0-anmeldung.html?kid=11035\">hier<\/a>.<\/p>\n\n\n\n<p>Weitere <strong>Basis-Seminare deutschlandweit <\/strong>oder auch online sind <a rel=\"noreferrer noopener\" href=\"https:\/\/www.babysignal.de\/6-0-Babyzeichen-Babygebaerden-Fortbildungen-fuer-Erzieherinnen-Krippe-Kita.html\" target=\"_blank\">hier<\/a> zu finden. <\/p>\n","protected":false},"excerpt":{"rendered":"<p>babySignal &#8211; Sprachbildung mit Geb\u00e4rden Geb\u00e4rden unterst\u00fctzen das kindliche Bed\u00fcrfnis sich mitzuteilen und k\u00f6nnen helfen in die gesprochene Sprache hinein zu wachsen. Im Basis-Seminar f\u00fchre ich Sie in das Thema Geb\u00e4rden mit Babys und Kleinkindern ein und zeigen, wie Sie die Geb\u00e4rden direkt in Ihren p\u00e4dagogischen Alltag \u00fcbernehmen k\u00f6nnen. Neben den Grundgeb\u00e4rden f\u00fcr t\u00e4gliche Abl\u00e4ufe [&hellip;]<\/p>\n","protected":false},"author":3,"featured_media":471,"parent":0,"menu_order":0,"comment_status":"closed","ping_status":"closed","template":"","meta":{"_acf_changed":false,"footnotes":""},"class_list":["post-470","page","type-page","status-publish","has-post-thumbnail","hentry"],"acf":{"banner":""},"_links":{"self":[{"href":"https:\/\/wp.julia-wickelt.de\/familienbegleitung\/wp-json\/wp\/v2\/pages\/470","targetHints":{"allow":["GET"]}}],"collection":[{"href":"https:\/\/wp.julia-wickelt.de\/familienbegleitung\/wp-json\/wp\/v2\/pages"}],"about":[{"href":"https:\/\/wp.julia-wickelt.de\/familienbegleitung\/wp-json\/wp\/v2\/types\/page"}],"author":[{"embeddable":true,"href":"https:\/\/wp.julia-wickelt.de\/familienbegleitung\/wp-json\/wp\/v2\/users\/3"}],"replies":[{"embeddable":true,"href":"https:\/\/wp.julia-wickelt.de\/familienbegleitung\/wp-json\/wp\/v2\/comments?post=470"}],"version-history":[{"count":10,"href":"https:\/\/wp.julia-wickelt.de\/familienbegleitung\/wp-json\/wp\/v2\/pages\/470\/revisions"}],"predecessor-version":[{"id":705,"href":"https:\/\/wp.julia-wickelt.de\/familienbegleitung\/wp-json\/wp\/v2\/pages\/470\/revisions\/705"}],"wp:featuredmedia":[{"embeddable":true,"href":"https:\/\/wp.julia-wickelt.de\/familienbegleitung\/wp-json\/wp\/v2\/media\/471"}],"wp:attachment":[{"href":"https:\/\/wp.julia-wickelt.de\/familienbegleitung\/wp-json\/wp\/v2\/media?parent=470"}],"curies":[{"name":"wp","href":"https:\/\/api.w.org\/{rel}","templated":true}]}}