{"id":403,"date":"2022-12-13T13:55:31","date_gmt":"2022-12-13T13:55:31","guid":{"rendered":"https:\/\/wp.julia-wickelt.de\/familienbegleitung\/?page_id=403"},"modified":"2023-02-12T20:11:57","modified_gmt":"2023-02-12T20:11:57","slug":"fuer-paedagogische-fachkraefte","status":"publish","type":"page","link":"https:\/\/wp.julia-wickelt.de\/familienbegleitung\/fuer-paedagogische-fachkraefte\/","title":{"rendered":"F\u00fcr p\u00e4dagogische Fachkr\u00e4fte"},"content":{"rendered":"\n<p>Seit mehr als zwei Jahren biete ich erg\u00e4nzend zu meiner T\u00e4tigkeit als Familienberaterin Seminare f\u00fcr p\u00e4dagogische Fachkr\u00e4fte in Krippen, Kindertagesst\u00e4tten und f\u00fcr Tagespflegepersonen an. Meine Seminare k\u00f6nnen inhouse, f\u00fcr Ihre Einrichtung oder Ihren Tr\u00e4ger gebucht werden. Ich komme zu Ihnen in die Einrichtung oder wir vereinbaren eine Durchf\u00fchrung in meinem Seminarraum im Bielefelder Osten. Nach Absprache ist eine Umsetzung online via Zoom ebenfalls m\u00f6glich. <\/p>\n\n\n\n<p>Dar\u00fcberhinaus gebe ich regelm\u00e4\u00dfig offene Seminare im Bielefelder Osten, zu denen Sie sich anmelden k\u00f6nnen. <\/p>\n\n\n\n<p><strong><a href=\"\/seminar-kinderyoga\/\" data-type=\"page\">Zum Seminar &#8222;Kinderyoga in der Kita&#8220;<\/a><\/strong><\/p>\n\n\n\n<p><strong><a href=\"\/seminar-babysignal\/\" data-type=\"page\">Zum Seminar &#8222;babySignal &#8211; Sprachbildung mit Geb\u00e4rden&#8220;<\/a><\/strong><\/p>\n","protected":false},"excerpt":{"rendered":"<p>Seit mehr als zwei Jahren biete ich erg\u00e4nzend zu meiner T\u00e4tigkeit als Familienberaterin Seminare f\u00fcr p\u00e4dagogische Fachkr\u00e4fte in Krippen, Kindertagesst\u00e4tten und f\u00fcr Tagespflegepersonen an. Meine Seminare k\u00f6nnen inhouse, f\u00fcr Ihre Einrichtung oder Ihren Tr\u00e4ger gebucht werden. Ich komme zu Ihnen in die Einrichtung oder wir vereinbaren eine Durchf\u00fchrung in meinem Seminarraum im Bielefelder Osten. Nach [&hellip;]<\/p>\n","protected":false},"author":3,"featured_media":481,"parent":0,"menu_order":0,"comment_status":"closed","ping_status":"closed","template":"","meta":{"_acf_changed":false,"footnotes":""},"class_list":["post-403","page","type-page","status-publish","has-post-thumbnail","hentry"],"acf":{"banner":""},"_links":{"self":[{"href":"https:\/\/wp.julia-wickelt.de\/familienbegleitung\/wp-json\/wp\/v2\/pages\/403","targetHints":{"allow":["GET"]}}],"collection":[{"href":"https:\/\/wp.julia-wickelt.de\/familienbegleitung\/wp-json\/wp\/v2\/pages"}],"about":[{"href":"https:\/\/wp.julia-wickelt.de\/familienbegleitung\/wp-json\/wp\/v2\/types\/page"}],"author":[{"embeddable":true,"href":"https:\/\/wp.julia-wickelt.de\/familienbegleitung\/wp-json\/wp\/v2\/users\/3"}],"replies":[{"embeddable":true,"href":"https:\/\/wp.julia-wickelt.de\/familienbegleitung\/wp-json\/wp\/v2\/comments?post=403"}],"version-history":[{"count":13,"href":"https:\/\/wp.julia-wickelt.de\/familienbegleitung\/wp-json\/wp\/v2\/pages\/403\/revisions"}],"predecessor-version":[{"id":484,"href":"https:\/\/wp.julia-wickelt.de\/familienbegleitung\/wp-json\/wp\/v2\/pages\/403\/revisions\/484"}],"wp:featuredmedia":[{"embeddable":true,"href":"https:\/\/wp.julia-wickelt.de\/familienbegleitung\/wp-json\/wp\/v2\/media\/481"}],"wp:attachment":[{"href":"https:\/\/wp.julia-wickelt.de\/familienbegleitung\/wp-json\/wp\/v2\/media?parent=403"}],"curies":[{"name":"wp","href":"https:\/\/api.w.org\/{rel}","templated":true}]}}