{"id":188,"date":"2020-12-06T14:30:30","date_gmt":"2020-12-06T14:30:30","guid":{"rendered":"\/?page_id=188"},"modified":"2021-02-19T19:31:46","modified_gmt":"2021-02-19T19:31:46","slug":"allgemeine-geschaeftsbedingungen","status":"publish","type":"page","link":"https:\/\/wp.julia-wickelt.de\/familienbegleitung\/allgemeine-geschaeftsbedingungen\/","title":{"rendered":"AGB"},"content":{"rendered":"\n<h3 class=\"wp-block-heading\">Allgemeine Gesch\u00e4ftsbedingungen des Unternehmens<\/h3>\n\n\n\n<p>Familienbegleitung Julia Rose<br>Julia Rose<br>Am Kordskamp 9<br>33604 Bielefeld<\/p>\n\n\n\n<h3 class=\"wp-block-heading\">Inhaltsverzeichnis<\/h3>\n\n\n\n<p><br>\u00a71 Geltung und Begriffsdefinitionen&nbsp;<br>\u00a72 Zustandekommen eines Vertrages<br>\u00a73 Vertragsgegenstand&nbsp;<br>\u00a74 Preise, Versandkosten, Zahlung, F\u00e4lligkeit&nbsp;<br>\u00a75 R\u00fccktritt&nbsp;<br>\u00a76 Krankheitssymptome<br>\u00a77 Hygiene<br>\u00a78 Fotoaufnahmen<br>\u00a79 Haftungsausschluss&nbsp;<br>\u00a710 \u00c4nderung der Allgemeinen Gesch\u00e4ftsbedingungen&nbsp;<br>\u00a711 Salvatorische Klausel&nbsp;<br>\u00a712 babySignal<br>\u00a713 R\u00fcckbildungskurse<\/p>\n\n\n\n<h3 class=\"wp-block-heading\">\u00a71 Geltung und Begriffsdefinitionen&nbsp;<\/h3>\n\n\n\n<p>(1) Die nachfolgenden Allgemeinen Gesch\u00e4ftsbedingungen gelten f\u00fcr alle Dienstleistungen und deren Buchungen zwischen dem Anbieter und einem Kunden in ihrer zum Zeitpunkt der Buchung g\u00fcltigen Fassung.&nbsp;<\/p>\n\n\n\n<p>(2) Kunde ist jede nat\u00fcrliche Person, die ein Rechtsgesch\u00e4ft zu Zwecken abschlie\u00dft, die \u00fcberwiegend weder ihrer gewerblichen noch ihrer selbst\u00e4ndigen beruflichen T\u00e4tigkeit zugerechnet werden k\u00f6nnen (\u00a7 13 BGB).&nbsp;<\/p>\n\n\n\n<h3 class=\"wp-block-heading\">\u00a72 Zustandekommen eines Vertrages&nbsp;<\/h3>\n\n\n\n<p>(1) Der Vertrag kann per E-Mail, m\u00fcndlich, telefonisch oder als Buchung \u00fcber mein Buchungsprogramm zustande kommen. Die AGB sind somit f\u00fcr jede Art des Vertragsabschlusses g\u00fcltig. Der Kunde erh\u00e4lt eine schriftliche, m\u00fcndliche oder telefonische Buchungsbest\u00e4tigung. Mit der Best\u00e4tigung des Termins akzeptiert der Kunde die Allgemeinen Gesch\u00e4ftsbedingungen. Die Allgemeinen Gesch\u00e4ftsbedingungen k\u00f6nnen auch per Unterschrift akzeptiert werden.&nbsp;<\/p>\n\n\n\n<p>(2) Im Falle des Vertragsschlusses kommt der Vertrag mit&nbsp;<\/p>\n\n\n\n<p>Familienbegleitung Julia Rose<br>Julia Rose&nbsp;<br>Am Kordskamp 9<br>33604 Bielefeld<\/p>\n\n\n\n<p>zustande.&nbsp;<\/p>\n\n\n\n<h3 class=\"wp-block-heading\">\u00a73 Vertragsgegenstand&nbsp;<\/h3>\n\n\n\n<p>Vertragsgegenstand sind Buchungen von Dienstleistungen aus dem Bereich Stoffwindelberatung (Einzel-\/Paarberatungen, Gruppenberatung \/ Stoffwindelparty, Workshops, Kurse, Coachings, Vortr\u00e4ge, Test-\/Mietpakete). Details des jeweiligen Angebotes regelt die jeweilige Seite des Beratungsangebotes auf <a rel=\"noreferrer noopener\" href=\"https:\/\/www.julia-wickelt.de\" target=\"_blank\">https:\/\/www.julia-wickelt.de<\/a>.&nbsp;Vertragsgegenstand sind zudem Buchungen von Dienstleistungen aus dem Bereich Trageberatung (Einzel-\/Paarberatungen, Gruppenberatung \/ Stoffwindelparty, Workshops, Kurse, Coachings, Vortr\u00e4ge). Details des jeweiligen Angebotes regelt die jeweilige Seite des Beratungsangebotes auf <a rel=\"noreferrer noopener\" href=\"https:\/\/www.trageberatung-bielefeld.de\" target=\"_blank\">https:\/\/www.trageberatung-bielefeld.de<\/a>. Vertragsgegenstand sind ebenfalls R\u00fcckbilgungs-, Baby- und Eltern-Kind-Kurse. Details des jeweiligen Angebotes regelt die jeweilige Seite des Beratungsangebotes auf <a rel=\"noreferrer noopener\" href=\"https:\/\/www.familienbegleitung-bielefeld.de\" target=\"_blank\">https:\/\/www.familienbegleitung-bielefeld.de<\/a>.<\/p>\n\n\n\n<p>Die Bedingungen f\u00fcr die Vermietung von Stoffwindeln f\u00fcr Test-\/ Mietpakete werden in einem separaten Nutzungsvertrag festgehalten.&nbsp;<\/p>\n\n\n\n<h3 class=\"wp-block-heading\">\u00a74 Preise, Versandkosten, Zahlung, F\u00e4lligkeit&nbsp;<\/h3>\n\n\n\n<p>(1) Die angegebenen Preise enthalten gem. \u00a7 19 Abs. 1 UStG keine Umsatzsteuer (Mehrwertsteuer). F\u00fcr Hausbesuche fallen bei einer Anfahrt von mehr als 5 km ab dem sechsten Kilometer zus\u00e4tzliche Fahrtkosten in H\u00f6he von 50 ct\/km an. Ab einer Anfahrt von 15km wird eine zus\u00e4tzliche Anfahrtspauschale von 10\u20ac erhoben. F\u00fcr den Versand von Test-\/ Mietpaketen fallen etwaige Versandkosten (versicherter Versand via DHL) zulasten des Kunden an. Es gelten die zum Zeitpunkt der Buchung laut <a rel=\"noreferrer noopener\" href=\"https:\/\/www.julia-wickelt.de\" target=\"_blank\">https:\/\/www.julia-wickelt.de<\/a> aufgef\u00fchrten Preise.\u00a0<\/p>\n\n\n\n<p>(2) F\u00fcr Einzel-, Paar- und Gruppenberatungen ist das Beratungshonorar direkt im Anschluss an die Beratung in bar oder per EC-Karte zu zahlen.&nbsp;<\/p>\n\n\n\n<p>(3) F\u00fcr Test-\/Mietpakete, Onlineberatungen, Workshops\/Kurse und Coachings gilt die Bezahlung per Vorkasse. Beratungen sind in bar oder per EC-Karte, im Anschluss an die Beratung, zu bezahlen. Die Geb\u00fchren f\u00fcr Kurse und Workshops sind sp\u00e4testens 14 Werktage vor Kursbeginn zu \u00fcberweisen. Sollte die Anmeldung sp\u00e4ter erfolgen, kann bar oder per EC-Karte vor Ort zu Beginn des Workshops bezahlt.&nbsp;<\/p>\n\n\n\n<p>Der Kunde hat die M\u00f6glichkeit, die Mietgeb\u00fchr f\u00fcr Stoffwindelmietpakete sowie die Kaution und etwaige Versandkosten per \u00dcberweisung, bar oder per PayPal zu bezahlen. Bei Zahlung via PayPal f\u00e4llt eine Bearbeitungsgeb\u00fchr von 1\u20ac je 30\u20ac an.&nbsp;<\/p>\n\n\n\n<h3 class=\"wp-block-heading\">\u00a75 R\u00fccktritt<\/h3>\n\n\n\n<p>(1) Individuelle Beratung:<\/p>\n\n\n\n<p>(1a) Der Kunde hat das Recht, die gebuchte Dienstleistung sp\u00e4testens 24 Stunden vor dem vereinbarten Termin schriftlich oder telefonisch abzusagen. Ihm entstehen dadurch keine Kosten.&nbsp;<\/p>\n\n\n\n<p>(1b) Erfolgt nach Ablauf der 24 Stunden eine Absage, wird dem Kunden eine Beratungsstunde in Rechnung gestellt oder bereits gezahlte Geb\u00fchren werden einbehalten. Wird der Termin ohne Absage nicht wahrgenommen, wird dem Kunden eine Beratungsstunde (zzgl. eventueller Fahrtkosten) in Rechnung gestellt.<\/p>\n\n\n\n<p>Der Kunde ist verpflichtet, den ausgewiesenen Betrag innerhalb von 14 Tagen nach Erhalt der Rechnung auf das auf der Rechnung angegebene Konto zu \u00fcberweisen. Die Zahlung ist ab Rechnungsdatum ohne Abzug f\u00e4llig. Nach Ablauf der Zahlungsfrist kommt der Kunde auch ohne Mahnung in Verzug.&nbsp;<\/p>\n\n\n\n<p>(1c) Treten bei einer Gruppenberatung alle Beteiligten bis auf eine Familie zur\u00fcck, so muss entweder ein neuer Termin vereinbart werden oder die Gruppenberatung wird zu einer Einzelberatung umgebucht und ist f\u00fcr die verbleibende Familie entsprechend teurer.&nbsp;<\/p>\n\n\n\n<p>(2) Stoffwindelworkshops<\/p>\n\n\n\n<p>Die Anmeldung zu Stoffwindelworkshops ist verbindlich. Bei Stornierung der Anmeldung bis zu 14 Tagen vor Veranstaltungstermin wird keine Stornogeb\u00fchr erhoben. Bei Stornierung im Zeitraum von weniger als 7 Tagen bis 48 Stunden vor Veranstaltungsbeginn wird 50% der Kursgeb\u00fchr in Rechnung gestellt. Bei Stornierung im Zeitraum von weniger als 48 Stunden vor Veranstaltungsbeginn wird 100% der Kursgeb\u00fchr in Rechnung gestellt. Dies gilt auch dann, wenn der Kunde dem Kurs ohne zeitgerechte Abmeldung fernbleibt.<\/p>\n\n\n\n<p>Der Kunde ist verpflichtet, den ausgewiesenen Betrag innerhalb von 14 Tagen nach Erhalt der Rechnung auf das auf der Rechnung angegebene Konto zu \u00fcberweisen. Die Zahlung ist ab Rechnungsdatum ohne Abzug f\u00e4llig. Nach Ablauf der Zahlungsfrist kommt der Kunde auch ohne Mahnung in Verzug.&nbsp;<\/p>\n\n\n\n<p>(3) Der R\u00fccktritt ist zu richten an:&nbsp;<\/p>\n\n\n\n<p>Familienbegleitung Julia Rose<br>Julia Rose&nbsp;<br>Am Kordskamp 9<br>33604 Bielefeld<br>E-Mail: <a href=\"mailto:info@familienbegleitung-bielefeld.de\" target=\"_blank\" rel=\"noreferrer noopener\">info@familienbegleitung-bielefeld.de<\/a><\/p>\n\n\n\n<p>Telefon: 0179 \/ 68 61 549<\/p>\n\n\n\n<h3 class=\"wp-block-heading\">\u00a76 Krankheitssymptome<\/h3>\n\n\n\n<p>Im Falle, dass der Kunde selbst oder sein Kind Krankheitssymptome (Husten, Schnupfen, Fieber, Hautausschlag o.\u00e4.) zeigt, verpflichtet er sich nicht an der Kursstunde teilzunehmen. Sollte es nach einer Kursstunde zu Krankheiten, die lt. \u00a76 Infektionsschutzgesetz meldepflichtig sind, kommen, verpflichtet er sich, dieses unverz\u00fcglich der Kursleitung Julia Rose mitzuteilen.<\/p>\n\n\n\n<h3 class=\"wp-block-heading\">\u00a77 Hygiene<\/h3>\n\n\n\n<p>Den vor Ort geltenden Hygienevorschriften ist in jedem Fall Folge zu leisten. Bei wiederholtem Versto\u00df beh\u00e4lt sich die Kursleitung vor, den entsprechenden Kunden vom Kurs auszuschlie\u00dfen. Eine R\u00fcckerstattung der Kursgeb\u00fchr kann in diesem Fall nicht erfolgen.<\/p>\n\n\n\n<h3 class=\"wp-block-heading\">\u00a78 Fotoaufnahmen<\/h3>\n\n\n\n<p>Fotoaufnahmen w\u00e4hrend des Kurses d\u00fcrfen nur in Ausnahmef\u00e4llen und mit Einverst\u00e4ndnis der Kursleiterin und aller Kursteilnehmer gemacht werden. Diese d\u00fcrfen nicht ver\u00f6ffentlicht werden. Dies gilt insbesondere, aber nicht ausschlie\u00dflich, f\u00fcr das Teilen in soziale Medien wie Facebook oder Instagram oder Messanger Dienste wie WhatsApp o. \u00c4..<\/p>\n\n\n\n<h3 class=\"wp-block-heading\">\u00a79 Haftungsausschluss&nbsp;<\/h3>\n\n\n\n<p>Die Teilnahme an der Beratung liegt in der Verantwortung des Kunden. F\u00fcr Sach- und Personensch\u00e4den, die w\u00e4hrend und nach der Beratung sowie auf Wegen auftreten, \u00fcbernimmt der Anbieter keine Haftung. Der Kunde verpflichtet sich, vor der Dienstleistung eventuelle gesundheitliche Einschr\u00e4nkungen oder Besonderheiten bei den Eltern oder dem Kind mitzuteilen. Es handelt sich um keine medizinische Beratung. Es liegt in der Verantwortung des Kunden, das Erlernte fachgem\u00e4\u00df auszuf\u00fchren. F\u00fcr (Folge-)Sch\u00e4den durch unsachgem\u00e4\u00dfe Nutzung der bereitgestellten und kundeneigenen Stoffwindeln oder Tragehilfen liegt die Haftung bei den entsprechenden Herstellern. F\u00fcr den Erfolg beim Einsatz des Erlernten wird keine Garantie \u00fcbernommen.&nbsp;<\/p>\n\n\n\n<h3 class=\"wp-block-heading\">\u00a710 \u00c4nderung der Allgemeinen Gesch\u00e4ftsbedingungen&nbsp;<\/h3>\n\n\n\n<p>Die Allgemeinen Gesch\u00e4ftsbedingungen k\u00f6nnen jederzeit ver\u00e4ndert werden. Der Kunde willigt ein, \u00fcber \u00c4nderungen der Allgemeinen Gesch\u00e4ftsbedingungen nur per Ver\u00f6ffentlichung \u00fcber die Homepages <a rel=\"noreferrer noopener\" href=\"https:\/\/www.julia-wickelt.de\" target=\"_blank\">https:\/\/www.julia-wickelt.de<\/a>, <a href=\"https:\/\/www.trageberatung-bielefeld.de\" target=\"_blank\" rel=\"noreferrer noopener\">https:\/\/www.trageberatung-bielefeld.de<\/a> und <a href=\"https:\/\/www.familienbegleitung-bielefeld.de\" target=\"_blank\" rel=\"noreferrer noopener\">https:\/\/www.familienbegleitung-bielefeld.de<\/a> informiert zu werden.&nbsp;<\/p>\n\n\n\n<h3 class=\"wp-block-heading\">\u00a711 Salvatorische Klausel&nbsp;<\/h3>\n\n\n\n<p>Die Unwirksamkeit einer Bestimmung dieser AGB hat keine Auswirkungen auf die Wirksamkeit der sonstigen Bestimmungen.&nbsp;<\/p>\n\n\n\n<h3 class=\"wp-block-heading\">\u00a712 babySignal\u00ae&nbsp;-Kurse<\/h3>\n\n\n\n<p>(1) Die Reservierung der Kurspl\u00e4tze richtet sich nach der Reihenfolge bzw. Eingangsdatum Ihrer Online-Anmeldung.<\/p>\n\n\n\n<p>Der Kunde erh\u00e4lt eine Anmeldebest\u00e4tigung per E-Mail. Sollte wegen der gro\u00dfen Nachfrage ein Kurs bereits ausgebucht sein, erh\u00e4lt der Kunde ebenfalls eine Benachrichtigung. Die Anmeldung ist verbindlich.<\/p>\n\n\n\n<p>(2)&nbsp;Nachholen vers\u00e4umter Kursstunden<\/p>\n\n\n\n<p>Es handelt sich hier um so genannte \u201egeschlossene Kurse\/Gruppen. Es ist aus organisatorischen und finanziellen Gr\u00fcnden leider nicht m\u00f6glich eine vers\u00e4umte Stunde hinten anzuh\u00e4ngen bzw. nachzuholen.<\/p>\n\n\n\n<p>Sollte der Kurs aufgrund der aktuellen Corona-Pandemie unterbrochen oder abgesagt werden m\u00fcssen, k\u00f6nnen Kursstunden in Absprache mit Julia Rose (ggf. online) nachgeholt werden.<\/p>\n\n\n\n<p>(3) Kursgeb\u00fchr&nbsp;<\/p>\n\n\n\n<p>Die Kurse sind vorab per \u00dcberweisung \/ \u00fcber das Buchungssystem zahlbar. In Ausnahmef\u00e4llen bei sp\u00e4ter Buchung, kann der jeweilige Kurs auch bei der Kursleitung in bar oder per EC-Karte bezahlt werden.<\/p>\n\n\n\n<p>(4) R\u00fccktritt<\/p>\n\n\n\n<p>Ihre Anmeldung zu den Kursen des Veranstalters ist verbindlich und verpflichtet zur Zahlung des Entgelts. Eine Stornierung kann jedoch in bestimmten F\u00e4llen vorgenommen werden. Sollten Sie an der gebuchten Veranstaltung doch nicht teilnehmen k\u00f6nnen, ist ein R\u00fccktritt m\u00f6glich, wenn Sie<\/p>\n\n\n\n<ul class=\"wp-block-list\"><li>den R\u00fccktritt schriftlich mitteilen<\/li><li>die angegebenen Fristen einhalten<\/li><li>das Stornierungsentgelt bezahlen.<\/li><\/ul>\n\n\n\n<p>Die H\u00f6he des Stornierungsentgelts ist abh\u00e4ngig vom R\u00fccktrittszeitpunkt:<\/p>\n\n\n\n<ul class=\"wp-block-list\"><li>mehr als vier Wochen vor Kursbeginn ist eine Stornierungsgeb\u00fchr in H\u00f6he von 50% des Veranstaltungsentgelts zu zahlen,<\/li><li>bei Stornierung im Zeitraum von weniger als vier Wochen bis 2 Wochen vor Veranstaltungsbeginn sind 80% der Kursgeb\u00fchr zu zahlen,<\/li><li>weniger als 2 Wochen vor Veranstaltungsbeginn: 100 % des Veranstaltungsentgelts,<\/li><li>bei einem R\u00fccktritt nach Kursbeginn entspricht die H\u00f6he des Stornierungsentgeltes der H\u00f6he der Kursgeb\u00fchr.<\/li><\/ul>\n\n\n\n<p>Bitte beachten Sie, dass f\u00fcr die Einhaltung der Stornierungsfristen und die Berechnung der anteiligen Stornierungsentgelte der Eingang des schriftlichen Online-R\u00fccktritts (per E-Mail) bei ma\u00dfgeblich ist.<\/p>\n\n\n\n<p>(5) Kursabsagen vor Kursbeginn<\/p>\n\n\n\n<p>Familienbegleitung Julia Rose (Organisator) beh\u00e4lt sich vor, Kurse wegen zu geringer Beteiligung, aus r\u00e4umlichen, personellen oder finanziellen Gr\u00fcnden abzusagen. Dies geschieht jedoch sehr selten.<\/p>\n\n\n\n<p>(6) Ausfall einer Kursstunde<\/p>\n\n\n\n<p>(6a) Im Krankheitsfall der Kursleitung<\/p>\n\n\n\n<p>F\u00fcr Kursstunden, die aus Krankheitsgr\u00fcnden der Kursleitung&nbsp;ausfallen werden entsprechend Ersatztermine angeboten. Wenn der Ersatztermin nicht wahrgenommen wird, verf\u00e4llt der Anspruch auf die Kursstunde. Die R\u00fcckerstattung einer ausgefallenen Kursstunde ist nicht m\u00f6glich<\/p>\n\n\n\n<p>(6b) \u00dcbernat\u00fcrliche Gewalt<\/p>\n\n\n\n<p>F\u00fcr Kursstunden, die aus \u00fcbernat\u00fcrlicher Gewalt (z.B. Epidemien, Pandemien, Naturkatastrophen, etc.) ausfallen werden entsprechend Ersatztermine und\/oder Ersatzl\u00f6sungen (z.B. Onlinekurs) angeboten. Wenn der Ersatztermin oder die Ersatzl\u00f6sung nicht wahrgenommen wird, verf\u00e4llt der Anspruch auf die Kursstunde. Die R\u00fcckerstattung einer ausgefallenen Kursstunde ist nicht m\u00f6glich.<\/p>\n\n\n\n<p>(7) Haftung<\/p>\n\n\n\n<p>Haftung wird von den Organisatoren\/innen gegen\u00fcber den Teilnehmerinnen\/ Teilnehmern aller Veranstaltungen und Kurse auch auf Wegen, nicht \u00fcbernommen. Unsere Haftung f\u00fcr fremdes Verschulden wird au\u00dferdem nach \u00a7\u00a7 276 und 278 BGB ausgeschlossen. Die Teilnahme erfolgt eigenverantwortlich. F\u00fcr Sach- und Personensch\u00e4den wird die Haftung ausgeschlossen.<\/p>\n\n\n\n<p>Die Verantwortung der Beratung durch Familienbegleitung Julia Rose liegt ausschlie\u00dflich in einer fachkundigen, herstellerunabh\u00e4ngigen Beratung. Der Kunde verpflichtet sich, auf gesundheitliche Probleme oder andere Besonderheiten hinzuweisen, die f\u00fcr die Beratung relevant sein k\u00f6nnten. Es liegt in der Verantwortung des Kunden, das in der Beratung \/ in den Kursen Erlernte zu \u00fcben und ordnungsgem\u00e4\u00df auszuf\u00fchren. Familienbegleitung Julia Rose lehnt jegliche Haftung ab. F\u00fcr Verletzungen, Unf\u00e4lle sowie gesundheitliche Sch\u00e4den und\/oder Folgesch\u00e4den w\u00e4hrend und nach der Beratung sowie durch unsachgem\u00e4\u00dfe Handhabung von zur Verf\u00fcgung gestellten Materialien \u00fcbernimmt Familienbegleitung Julia Rose keine Haftung.<\/p>\n\n\n\n<p>Bei einem Beikostbuffet liegt die Verantwortung bei den Eltern.<\/p>\n\n\n\n<p>(8) Salvatorische Klausel Sollte eine oder mehrere der Bestimmungen dieser Allgemeinen Gesch\u00e4ftsbedingungen unwirksam sein oder werden, so ber\u00fchrt dies die Wirksamkeit der Allgemeinen Gesch\u00e4ftsbedingungen im \u00dcbrigen nicht.<\/p>\n\n\n\n<h3 class=\"wp-block-heading\">\u00a713 Belly Basic\u00ae-Kurse<\/h3>\n\n\n\n<p>(1) Die Reservierung der Kurspl\u00e4tze richtet sich nach der Reihenfolge bzw. Eingangsdatum Ihrer Online-Anmeldung.<\/p>\n\n\n\n<p>Der Kunde erh\u00e4lt eine Anmeldebest\u00e4tigung per E-Mail. Sollte wegen der gro\u00dfen Nachfrage ein Kurs bereits ausgebucht sein, erh\u00e4lt der Kunde ebenfalls eine Benachrichtigung. Die Anmeldung ist verbindlich.<\/p>\n\n\n\n<p>(2)&nbsp;Nachholen vers\u00e4umter Kursstunden<\/p>\n\n\n\n<p>Es handelt sich hier um so genannte \u201egeschlossene Kurse\/Gruppen. Es ist aus organisatorischen und finanziellen Gr\u00fcnden leider nicht m\u00f6glich eine vers\u00e4umte Stunde hinten anzuh\u00e4ngen bzw. nachzuholen.<\/p>\n\n\n\n<p>Sollte der Kurs aufgrund der aktuellen Corona-Situation unterbrochen oder abgesagt werden m\u00fcssen, k\u00f6nnen Kursstunden in Absprache mit Julia Rose (ggf. online) nachgeholt werden.<\/p>\n\n\n\n<p>(3) Kursgeb\u00fchr&nbsp;<\/p>\n\n\n\n<p>Die Kurse sind vorab per \u00dcberweisung \/ \u00fcber das Buchungssystem zahlbar. In Ausnahmef\u00e4llen bei sp\u00e4ter Buchung, kann der jeweilige Kurs auch bei der Kursleitung in bar oder per EC-Karte bezahlt werden.<\/p>\n\n\n\n<p>(4) R\u00fccktritt<\/p>\n\n\n\n<p>Ihre Anmeldung zu den Kursen des Veranstalters ist verbindlich und verpflichtet zur Zahlung des Entgelts. Eine Stornierung kann jedoch in bestimmten F\u00e4llen vorgenommen werden. Sollten Sie an der gebuchten Veranstaltung doch nicht teilnehmen k\u00f6nnen, ist ein R\u00fccktritt m\u00f6glich, wenn Sie<\/p>\n\n\n\n<ul class=\"wp-block-list\"><li>den R\u00fccktritt schriftlich mitteilen<\/li><li>die angegebenen Fristen einhalten<\/li><li>das Stornierungsentgelt bezahlen.<\/li><\/ul>\n\n\n\n<p>Die H\u00f6he des Stornierungsentgelts ist abh\u00e4ngig vom R\u00fccktrittszeitpunkt:<\/p>\n\n\n\n<ul class=\"wp-block-list\"><li>mehr als vier Wochen vor Kursbeginn ist eine Stornierungsgeb\u00fchr in H\u00f6he von 50% des Veranstaltungsentgelts zu zahlen,<\/li><li>bei Stornierung im Zeitraum von weniger als vier Wochen bis 2 Wochen vor Veranstaltungsbeginn sind 80% der Kursgeb\u00fchr zu zahlen,<\/li><li>weniger als 2 Wochen vor Veranstaltungsbeginn: 100 % des Veranstaltungsentgelts,<\/li><li>bei einem R\u00fccktritt nach Kursbeginn entspricht die H\u00f6he des Stornierungsentgeltes der H\u00f6he der Kursgeb\u00fchr.<\/li><\/ul>\n\n\n\n<p>Bitte beachten Sie, dass f\u00fcr die Einhaltung der Stornierungsfristen und die Berechnung der anteiligen Stornierungsentgelte der Eingang des schriftlichen Online-R\u00fccktritts (per E-Mail) bei ma\u00dfgeblich ist.<\/p>\n\n\n\n<p>(5) Haftung<\/p>\n\n\n\n<p>Haftung wird von den Organisatoren\/innen gegen\u00fcber den Teilnehmerinnen\/ Teilnehmern aller Veranstaltungen und Kurse auch auf Wegen, nicht \u00fcbernommen. Die Haftung f\u00fcr fremdes Verschulden wird au\u00dferdem nach \u00a7\u00a7 276 und 278 BGB ausgeschlossen. Die Teilnahme erfolgt eigenverantwortlich. F\u00fcr Sach- und Personensch\u00e4den wird die Haftung ausgeschlossen.<\/p>\n\n\n\n<p>Voraussetzung zur Teilnahme ist allgemeine Gesundheit. Bei speziellen Problemen, wie k\u00f6rperlichen Gebrechen, vorangegangenen Operationen oder Problemen in der Schwangerschaft besprechen Sie Ihre Teilnahmeabsicht bitte vorher mit Ihrem Arzt. Bei begr\u00fcndetem Verdacht auf gesundheitliche Probleme des Kunden oder des Kindes, behalte Ich mir vor, dem Kunden die Teilnahme an der Kursstunde zu untersagen. Eine Haftung meinerseits f\u00fcr Personen-, Sach- und Verm\u00f6genssch\u00e4den ist ausgeschlossen. Ich hafte weder f\u00fcr Gesundheitssch\u00e4den, die Kursteilnehmer aufgrund der Teilnahme der angebotenen Kurse erleiden noch f\u00fcr selbst verschuldete Unf\u00e4lle. F\u00fcr mitgebrachte Sach- und Wertgegenst\u00e4nde \u00fcbernehme ich ebenfalls keine Haftung.<\/p>\n\n\n\n<p>(6) Kursabsagen vor Kursbeginn<\/p>\n\n\n\n<p>Familienbegleitung Julia Rose (Organisator) beh\u00e4lt sich vor, Kurse wegen zu geringer Beteiligung, aus r\u00e4umlichen, personellen oder finanziellen Gr\u00fcnden abzusagen. Dies geschieht jedoch sehr selten.<\/p>\n\n\n\n<p>(7) Ausfall einer Kursstunde<\/p>\n\n\n\n<p>(7a) Im Krankheitsfall der Kursleitung<\/p>\n\n\n\n<p>F\u00fcr Kursstunden, die aus Krankheitsgr\u00fcnden der Kursleitung&nbsp;ausfallen werden entsprechend Ersatztermine angeboten. Wenn der Ersatztermin nicht wahrgenommen wird, verf\u00e4llt der Anspruch auf die Kursstunde. Die R\u00fcckerstattung einer ausgefallenen Kursstunde ist nicht m\u00f6glich<\/p>\n\n\n\n<p>(7b) \u00dcbernat\u00fcrliche Gewalt<\/p>\n\n\n\n<p>F\u00fcr Kursstunden, die aus \u00fcbernat\u00fcrlicher Gewalt (z.B. Epidemien, Pandemien, Naturkatastrophen, etc.) ausfallen werden entsprechend Ersatztermine und\/oder Ersatzl\u00f6sungen (z.B. Onlinekurs) angeboten. Wenn der Ersatztermin oder die Ersatzl\u00f6sung nicht wahrgenommen wird, verf\u00e4llt der Anspruch auf die Kursstunde. Die R\u00fcckerstattung einer ausgefallenen Kursstunde ist nicht m\u00f6glich.<\/p>\n\n\n\n<p>(8) Salvatorische Klausel Sollte eine oder mehrere der Bestimmungen dieser Allgemeinen Gesch\u00e4ftsbedingungen unwirksam sein oder werden, so ber\u00fchrt dies die Wirksamkeit der Allgemeinen Gesch\u00e4ftsbedingungen im \u00dcbrigen nicht.<\/p>\n","protected":false},"excerpt":{"rendered":"<p>Allgemeine Gesch\u00e4ftsbedingungen des Unternehmens Familienbegleitung Julia RoseJulia RoseAm Kordskamp 933604 Bielefeld Inhaltsverzeichnis \u00a71 Geltung und Begriffsdefinitionen&nbsp;\u00a72 Zustandekommen eines Vertrages\u00a73 Vertragsgegenstand&nbsp;\u00a74 Preise, Versandkosten, Zahlung, F\u00e4lligkeit&nbsp;\u00a75 R\u00fccktritt&nbsp;\u00a76 Krankheitssymptome\u00a77 Hygiene\u00a78 Fotoaufnahmen\u00a79 Haftungsausschluss&nbsp;\u00a710 \u00c4nderung der Allgemeinen Gesch\u00e4ftsbedingungen&nbsp;\u00a711 Salvatorische Klausel&nbsp;\u00a712 babySignal\u00a713 R\u00fcckbildungskurse \u00a71 Geltung und Begriffsdefinitionen&nbsp; (1) Die nachfolgenden Allgemeinen Gesch\u00e4ftsbedingungen gelten f\u00fcr alle Dienstleistungen und deren Buchungen zwischen dem [&hellip;]<\/p>\n","protected":false},"author":3,"featured_media":0,"parent":0,"menu_order":0,"comment_status":"closed","ping_status":"closed","template":"","meta":{"_acf_changed":false,"footnotes":""},"class_list":["post-188","page","type-page","status-publish","hentry"],"acf":{"banner":""},"_links":{"self":[{"href":"https:\/\/wp.julia-wickelt.de\/familienbegleitung\/wp-json\/wp\/v2\/pages\/188","targetHints":{"allow":["GET"]}}],"collection":[{"href":"https:\/\/wp.julia-wickelt.de\/familienbegleitung\/wp-json\/wp\/v2\/pages"}],"about":[{"href":"https:\/\/wp.julia-wickelt.de\/familienbegleitung\/wp-json\/wp\/v2\/types\/page"}],"author":[{"embeddable":true,"href":"https:\/\/wp.julia-wickelt.de\/familienbegleitung\/wp-json\/wp\/v2\/users\/3"}],"replies":[{"embeddable":true,"href":"https:\/\/wp.julia-wickelt.de\/familienbegleitung\/wp-json\/wp\/v2\/comments?post=188"}],"version-history":[{"count":6,"href":"https:\/\/wp.julia-wickelt.de\/familienbegleitung\/wp-json\/wp\/v2\/pages\/188\/revisions"}],"predecessor-version":[{"id":230,"href":"https:\/\/wp.julia-wickelt.de\/familienbegleitung\/wp-json\/wp\/v2\/pages\/188\/revisions\/230"}],"wp:attachment":[{"href":"https:\/\/wp.julia-wickelt.de\/familienbegleitung\/wp-json\/wp\/v2\/media?parent=188"}],"curies":[{"name":"wp","href":"https:\/\/api.w.org\/{rel}","templated":true}]}}