{"id":16,"date":"2020-06-28T14:06:40","date_gmt":"2020-06-28T14:06:40","guid":{"rendered":"https:\/\/wp.julia-wickelt.de\/familienbegleitung\/?page_id=16"},"modified":"2025-11-27T08:39:46","modified_gmt":"2025-11-27T08:39:46","slug":"startseite","status":"publish","type":"page","link":"https:\/\/wp.julia-wickelt.de\/familienbegleitung\/startseite\/","title":{"rendered":"Herzlich Willkommen"},"content":{"rendered":"\n<p>Liebe (werdende) Eltern, liebe Mama, lieber Papa, als selbstst\u00e4ndige Familienbegleiterin unterst\u00fctze ich dich, in deiner neuen Rolle als Mama \/ Papa anzukommen. Du findest bei mir Beratungs- und Kursangebote von Beginn deiner Schwangerschaft bis hin zum Kleinkindalter. Es ist mir eine Herzensangelegenheit dich zu st\u00e4rken und durch Beratung, Workshops und Kurse dabei zu unterst\u00fctzen, die Herausforderungen des Alltags mit Baby und deine individuelle Bed\u00fcrfnisse in Einklang zu bringen. Dabei sind meine Haltung und meine Arbeitsweise immer bindungs- und beziehungsorientiert. <\/p>\n\n\n\n<hr class=\"wp-block-separator has-css-opacity\" \/>\n\n\n\n<p>Mein Angebot umfasst neben <a href=\"\/trageberatung\/\" data-type=\"page\" data-id=\"78\">Trageberatung<\/a> auch Beratzung<a href=\"\/individuelle-beratung\/\" data-type=\"page\" data-id=\"89\">  zu verschiedenen bindungsrelevanten Themen<\/a>, wie z.B. zum Stillen und Flaschennahrung, zu bindungsorientiertem Abstillen, dem Beikoststart und Essen am Familientisch, Babyschlaf, u.a..<\/p>\n\n\n\n<p>Ich biete <a href=\"\/babysignal\/\" data-type=\"page\" data-id=\"66\">Eltern-Kind-Kurse zum Geb\u00e4rden mit Babys (babySignal)<\/a>, einen <a href=\"\/spiel-und-bewegungsraum\/\" data-type=\"page\" data-id=\"166\">Spiel- und Bewegungsraum in Anlehnung an Emmi Pikler<\/a> und <a href=\"\/yoga-fuer-klein-kinder\/\" data-type=\"page\" data-id=\"82\">Kinderyoga<\/a> an. <\/p>\n\n\n\n<p>Erg\u00e4nzt wird mein Kursangebot durch <a href=\"https:\/\/wp.julia-wickelt.de\/familienbegleitung\/rueckbildung-mit-baby\/\" data-type=\"page\" data-id=\"610\">R\u00fcckbildungskurse mit Kind<\/a>, <a href=\"https:\/\/wp.julia-wickelt.de\/familienbegleitung\/zeit-fuer-mich-mit-meinem-kind\/\" data-type=\"page\" data-id=\"492\">Yogakurse f\u00fcr M\u00fctter mit Baby \/ Kind<\/a> und in den Abendstunden <a href=\"https:\/\/wp.julia-wickelt.de\/familienbegleitung\/yoga-fuer-muetter\/\" data-type=\"page\" data-id=\"605\">Yogakurse f\u00fcr M\u00fctter ohne Kind<\/a>. <\/p>\n\n\n\n<hr class=\"wp-block-separator has-css-opacity\" \/>\n\n\n\n<p>Ich freue mich, dich pers\u00f6nlich zu treffen und ein St\u00fcck eures Weges mitgehen zu d\u00fcrfen. <\/p>\n","protected":false},"excerpt":{"rendered":"<p>Liebe (werdende) Eltern, liebe Mama, lieber Papa, als selbstst\u00e4ndige Familienbegleiterin unterst\u00fctze ich dich, in deiner neuen Rolle als Mama \/ Papa anzukommen. Du findest bei mir Beratungs- und Kursangebote von Beginn deiner Schwangerschaft bis hin zum Kleinkindalter. Es ist mir eine Herzensangelegenheit dich zu st\u00e4rken und durch Beratung, Workshops und Kurse dabei zu unterst\u00fctzen, die [&hellip;]<\/p>\n","protected":false},"author":4,"featured_media":177,"parent":0,"menu_order":0,"comment_status":"closed","ping_status":"closed","template":"","meta":{"_acf_changed":false,"footnotes":""},"class_list":["post-16","page","type-page","status-publish","has-post-thumbnail","hentry"],"acf":{"banner":""},"_links":{"self":[{"href":"https:\/\/wp.julia-wickelt.de\/familienbegleitung\/wp-json\/wp\/v2\/pages\/16","targetHints":{"allow":["GET"]}}],"collection":[{"href":"https:\/\/wp.julia-wickelt.de\/familienbegleitung\/wp-json\/wp\/v2\/pages"}],"about":[{"href":"https:\/\/wp.julia-wickelt.de\/familienbegleitung\/wp-json\/wp\/v2\/types\/page"}],"author":[{"embeddable":true,"href":"https:\/\/wp.julia-wickelt.de\/familienbegleitung\/wp-json\/wp\/v2\/users\/4"}],"replies":[{"embeddable":true,"href":"https:\/\/wp.julia-wickelt.de\/familienbegleitung\/wp-json\/wp\/v2\/comments?post=16"}],"version-history":[{"count":44,"href":"https:\/\/wp.julia-wickelt.de\/familienbegleitung\/wp-json\/wp\/v2\/pages\/16\/revisions"}],"predecessor-version":[{"id":689,"href":"https:\/\/wp.julia-wickelt.de\/familienbegleitung\/wp-json\/wp\/v2\/pages\/16\/revisions\/689"}],"wp:featuredmedia":[{"embeddable":true,"href":"https:\/\/wp.julia-wickelt.de\/familienbegleitung\/wp-json\/wp\/v2\/media\/177"}],"wp:attachment":[{"href":"https:\/\/wp.julia-wickelt.de\/familienbegleitung\/wp-json\/wp\/v2\/media?parent=16"}],"curies":[{"name":"wp","href":"https:\/\/api.w.org\/{rel}","templated":true}]}}