{"id":127,"date":"2020-12-03T18:55:09","date_gmt":"2020-12-03T18:55:09","guid":{"rendered":"\/?page_id=127"},"modified":"2026-02-03T14:12:21","modified_gmt":"2026-02-03T14:12:21","slug":"fuer-babys-und-kinder","status":"publish","type":"page","link":"https:\/\/wp.julia-wickelt.de\/familienbegleitung\/fuer-babys-und-kinder\/","title":{"rendered":"F\u00fcr Babys und Kinder"},"content":{"rendered":"\n<p>In meinem Kursraum im Frauenmantel e.V. im Bielefelder Osten biete ich verschiedene Kurse f\u00fcr Babys und (Klein)Kinder an. <\/p>\n\n\n\n<p>Ab einem Alter von sechs Monaten kannst du mit deinem Baby in meinen babySignal-Eltern-Kind-Kurs kommen. Die Anf\u00e4ngerkurse kannst du besuchen, wenn dein Kind zwischen sechs und sechsundzwanzig Monaten alt ist. Der Aufbaukurs ist f\u00fcr Kinder ab zw\u00f6lf Monaten geeignet und kann auch ohne vorherigen Anf\u00e4ngerkurs besucht werden. <\/p>\n\n\n\n<p>Auch im Spielraum ist eine Teilnahme ab einem Alter von sechs Monaten m\u00f6glich. Hier biete ich drei Kurse f\u00fcr dich an, eine Gruppe ist passend f\u00fcr Kinder im Alter von sechs bis zw\u00f6lf Monaten. Die zwei anderen Gruppen richten sich an etwas \u00e4ltere Kinder, zwischen acht und sechzehn Monaten, bzw. zwischen neun und achtzehn Monaten. <\/p>\n\n\n\n<p>Ab dem vollendeten zweiten Lebensjahr freue ich mich, wenn ich dich und dein Kind im Eltern-Kind-Yoga oder Kinderyoga (wieder)sehe. <\/p>\n","protected":false},"excerpt":{"rendered":"<p>In meinem Kursraum im Frauenmantel e.V. im Bielefelder Osten biete ich verschiedene Kurse f\u00fcr Babys und (Klein)Kinder an. Ab einem Alter von sechs Monaten kannst du mit deinem Baby in meinen babySignal-Eltern-Kind-Kurs kommen. Die Anf\u00e4ngerkurse kannst du besuchen, wenn dein Kind zwischen sechs und sechsundzwanzig Monaten alt ist. Der Aufbaukurs ist f\u00fcr Kinder ab zw\u00f6lf [&hellip;]<\/p>\n","protected":false},"author":3,"featured_media":450,"parent":0,"menu_order":0,"comment_status":"closed","ping_status":"closed","template":"","meta":{"_acf_changed":false,"footnotes":""},"class_list":["post-127","page","type-page","status-publish","has-post-thumbnail","hentry"],"acf":{"banner":""},"_links":{"self":[{"href":"https:\/\/wp.julia-wickelt.de\/familienbegleitung\/wp-json\/wp\/v2\/pages\/127","targetHints":{"allow":["GET"]}}],"collection":[{"href":"https:\/\/wp.julia-wickelt.de\/familienbegleitung\/wp-json\/wp\/v2\/pages"}],"about":[{"href":"https:\/\/wp.julia-wickelt.de\/familienbegleitung\/wp-json\/wp\/v2\/types\/page"}],"author":[{"embeddable":true,"href":"https:\/\/wp.julia-wickelt.de\/familienbegleitung\/wp-json\/wp\/v2\/users\/3"}],"replies":[{"embeddable":true,"href":"https:\/\/wp.julia-wickelt.de\/familienbegleitung\/wp-json\/wp\/v2\/comments?post=127"}],"version-history":[{"count":7,"href":"https:\/\/wp.julia-wickelt.de\/familienbegleitung\/wp-json\/wp\/v2\/pages\/127\/revisions"}],"predecessor-version":[{"id":524,"href":"https:\/\/wp.julia-wickelt.de\/familienbegleitung\/wp-json\/wp\/v2\/pages\/127\/revisions\/524"}],"wp:featuredmedia":[{"embeddable":true,"href":"https:\/\/wp.julia-wickelt.de\/familienbegleitung\/wp-json\/wp\/v2\/media\/450"}],"wp:attachment":[{"href":"https:\/\/wp.julia-wickelt.de\/familienbegleitung\/wp-json\/wp\/v2\/media?parent=127"}],"curies":[{"name":"wp","href":"https:\/\/api.w.org\/{rel}","templated":true}]}}