{"id":120,"date":"2020-12-03T18:54:08","date_gmt":"2020-12-03T18:54:08","guid":{"rendered":"\/?page_id=120"},"modified":"2026-02-03T14:11:58","modified_gmt":"2026-02-03T14:11:58","slug":"fuer-familien","status":"publish","type":"page","link":"https:\/\/wp.julia-wickelt.de\/familienbegleitung\/fuer-familien\/","title":{"rendered":"F\u00fcr (werdende) Eltern"},"content":{"rendered":"\n<p>Ich berate und begleite (werdende) Eltern und Familien bindungs- und beziehungsorientiert. Dabei sehe ich das Verhalten von Kindern und Eltern als wertvolles Signal auf dahinterliegende Bed\u00fcrfnisse.  Hier findest du alle Angebote, die sich an dich als Elternteil \/ euch als Elternpaar richten. <\/p>\n\n\n\n<p>Ich stehe dir als ausgebildete Fachkraft zu folgenden Themenbereichen zur Verf\u00fcgung: <\/p>\n\n\n\n<ul class=\"wp-block-list\">\n<li>Beratung zum bindungsorientierten Abstillen<\/li>\n\n\n\n<li>bindungsorientierte Schlafberatung<\/li>\n\n\n\n<li>Beratung zur Ern\u00e4hrung mit Formular-Nahrung<\/li>\n\n\n\n<li>Beratung zur babygeleiteten Beikost<\/li>\n\n\n\n<li>Trageberatung<\/li>\n\n\n\n<li>Beratung rund um eine bindungsorientierte Elternschaft<\/li>\n\n\n\n<li>Beratung zur Vorbereitung einer bindungsorientierten Eingew\u00f6hnung in der Kita oder Kindertagespflege<\/li>\n<\/ul>\n\n\n\n<p>Auch bei weiteren Fragen rund um eine bindungs- und bed\u00fcrfnisorientierte Elternschaft kann ich dir in einer pers\u00f6nlichen Beratung Unterst\u00fctzung anbieten. <\/p>\n\n\n\n<p>In einem kostenfreien telefonischen Erstgespr\u00e4ch (10 bis 15 Minuten) besprechen wir, ob meine Begleitung das Richtige f\u00fcr dich ist und kl\u00e4ren alle offenen Fragen. <\/p>\n\n\n\n<p><a href=\"https:\/\/wp.julia-wickelt.de\/familienbegleitung\/kontakt\/\" data-type=\"page\" data-id=\"34\">Schreib mir zur Terminvereinbarung. <\/a><\/p>\n","protected":false},"excerpt":{"rendered":"<p>Ich berate und begleite (werdende) Eltern und Familien bindungs- und beziehungsorientiert. Dabei sehe ich das Verhalten von Kindern und Eltern als wertvolles Signal auf dahinterliegende Bed\u00fcrfnisse. Hier findest du alle Angebote, die sich an dich als Elternteil \/ euch als Elternpaar richten. Ich stehe dir als ausgebildete Fachkraft zu folgenden Themenbereichen zur Verf\u00fcgung: Auch bei [&hellip;]<\/p>\n","protected":false},"author":3,"featured_media":442,"parent":0,"menu_order":0,"comment_status":"closed","ping_status":"closed","template":"","meta":{"_acf_changed":false,"footnotes":""},"class_list":["post-120","page","type-page","status-publish","has-post-thumbnail","hentry"],"acf":{"banner":""},"_links":{"self":[{"href":"https:\/\/wp.julia-wickelt.de\/familienbegleitung\/wp-json\/wp\/v2\/pages\/120","targetHints":{"allow":["GET"]}}],"collection":[{"href":"https:\/\/wp.julia-wickelt.de\/familienbegleitung\/wp-json\/wp\/v2\/pages"}],"about":[{"href":"https:\/\/wp.julia-wickelt.de\/familienbegleitung\/wp-json\/wp\/v2\/types\/page"}],"author":[{"embeddable":true,"href":"https:\/\/wp.julia-wickelt.de\/familienbegleitung\/wp-json\/wp\/v2\/users\/3"}],"replies":[{"embeddable":true,"href":"https:\/\/wp.julia-wickelt.de\/familienbegleitung\/wp-json\/wp\/v2\/comments?post=120"}],"version-history":[{"count":11,"href":"https:\/\/wp.julia-wickelt.de\/familienbegleitung\/wp-json\/wp\/v2\/pages\/120\/revisions"}],"predecessor-version":[{"id":713,"href":"https:\/\/wp.julia-wickelt.de\/familienbegleitung\/wp-json\/wp\/v2\/pages\/120\/revisions\/713"}],"wp:featuredmedia":[{"embeddable":true,"href":"https:\/\/wp.julia-wickelt.de\/familienbegleitung\/wp-json\/wp\/v2\/media\/442"}],"wp:attachment":[{"href":"https:\/\/wp.julia-wickelt.de\/familienbegleitung\/wp-json\/wp\/v2\/media?parent=120"}],"curies":[{"name":"wp","href":"https:\/\/api.w.org\/{rel}","templated":true}]}}